{"id":2849,"date":"2025-04-11T10:27:00","date_gmt":"2025-04-11T10:27:00","guid":{"rendered":"https:\/\/captainesbet.xyz\/captainsbet-app\/"},"modified":"2026-01-29T18:15:01","modified_gmt":"2026-01-29T18:15:01","slug":"captainsbet-app","status":"publish","type":"page","link":"https:\/\/captainesbet.xyz\/fr\/captainsbet-app\/","title":{"rendered":"App"},"content":{"rendered":"","protected":false},"excerpt":{"rendered":"","protected":false},"author":1,"featured_media":0,"parent":0,"menu_order":0,"comment_status":"closed","ping_status":"closed","template":"views\/page-home.php","meta":{"footnotes":""},"class_list":["post-2849","page","type-page","status-publish","hentry"],"acf":[],"yoast_head":"<!-- This site is optimized with the Yoast SEO plugin v22.9 - https:\/\/yoast.com\/wordpress\/plugins\/seo\/ -->\n<title>CaptainsBet Casino App | Paris Mobile S\u00e9n\u00e9gal \u1409<\/title>\n<meta name=\"description\" content=\"Jouez sur CaptainsBet Casino App \u21d2 misez sur vos jeux favoris, gagnez en FCFA \u261b et profitez d\u2019une exp\u00e9rience fluide depuis votre t\u00e9l\u00e9phone.\" \/>\n<meta name=\"robots\" content=\"index, follow, max-snippet:-1, max-image-preview:large, max-video-preview:-1\" \/>\n<link rel=\"canonical\" href=\"https:\/\/captainesbet.xyz\/fr\/captainsbet-app\/\" \/>\n<meta property=\"og:locale\" content=\"fr_FR\" \/>\n<meta property=\"og:type\" content=\"article\" \/>\n<meta property=\"og:url\" content=\"https:\/\/captainesbet.xyz\/fr\/captainsbet-app\/\" \/>\n<meta property=\"og:site_name\" content=\"CaptainsBet\" \/>\n<meta property=\"article:modified_time\" content=\"2026-01-29T18:15:01+00:00\" \/>\n<script type=\"application\/ld+json\" class=\"yoast-schema-graph\">{\"@context\":\"https:\/\/schema.org\",\"@graph\":[{\"@type\":\"WebPage\",\"@id\":\"https:\/\/captainesbet.xyz\/fr\/captainsbet-app\/\",\"url\":\"https:\/\/captainesbet.xyz\/fr\/captainsbet-app\/\",\"name\":\"CaptainsBet Casino App | Paris Mobile S\u00e9n\u00e9gal \u1409\",\"isPartOf\":{\"@id\":\"https:\/\/captainesbet.xyz\/#website\"},\"datePublished\":\"2025-04-11T10:27:00+00:00\",\"dateModified\":\"2026-01-29T18:15:01+00:00\",\"description\":\"Jouez sur CaptainsBet Casino App \u21d2 misez sur vos jeux favoris, gagnez en FCFA \u261b et profitez d\u2019une exp\u00e9rience fluide depuis votre t\u00e9l\u00e9phone.\",\"breadcrumb\":{\"@id\":\"https:\/\/captainesbet.xyz\/fr\/captainsbet-app\/#breadcrumb\"},\"inLanguage\":\"fr-FR\",\"potentialAction\":[{\"@type\":\"ReadAction\",\"target\":[\"https:\/\/captainesbet.xyz\/fr\/captainsbet-app\/\"]}]},{\"@type\":\"BreadcrumbList\",\"@id\":\"https:\/\/captainesbet.xyz\/fr\/captainsbet-app\/#breadcrumb\",\"itemListElement\":[{\"@type\":\"ListItem\",\"position\":1,\"name\":\"Home\",\"item\":\"https:\/\/captainesbet.xyz\/fr\/\"},{\"@type\":\"ListItem\",\"position\":2,\"name\":\"App\"}]},{\"@type\":\"WebSite\",\"@id\":\"https:\/\/captainesbet.xyz\/#website\",\"url\":\"https:\/\/captainesbet.xyz\/\",\"name\":\"CaptainsBet\",\"description\":\"\",\"inLanguage\":\"fr-FR\"}]}<\/script>\n<!-- \/ Yoast SEO plugin. -->","yoast_head_json":{"title":"CaptainsBet Casino App | Paris Mobile S\u00e9n\u00e9gal \u1409","description":"Jouez sur CaptainsBet Casino App \u21d2 misez sur vos jeux favoris, gagnez en FCFA \u261b et profitez d\u2019une exp\u00e9rience fluide depuis votre t\u00e9l\u00e9phone.","robots":{"index":"index","follow":"follow","max-snippet":"max-snippet:-1","max-image-preview":"max-image-preview:large","max-video-preview":"max-video-preview:-1"},"canonical":"https:\/\/captainesbet.xyz\/fr\/captainsbet-app\/","og_locale":"fr_FR","og_type":"article","og_url":"https:\/\/captainesbet.xyz\/fr\/captainsbet-app\/","og_site_name":"CaptainsBet","article_modified_time":"2026-01-29T18:15:01+00:00","schema":{"@context":"https:\/\/schema.org","@graph":[{"@type":"WebPage","@id":"https:\/\/captainesbet.xyz\/fr\/captainsbet-app\/","url":"https:\/\/captainesbet.xyz\/fr\/captainsbet-app\/","name":"CaptainsBet Casino App | Paris Mobile S\u00e9n\u00e9gal \u1409","isPartOf":{"@id":"https:\/\/captainesbet.xyz\/#website"},"datePublished":"2025-04-11T10:27:00+00:00","dateModified":"2026-01-29T18:15:01+00:00","description":"Jouez sur CaptainsBet Casino App \u21d2 misez sur vos jeux favoris, gagnez en FCFA \u261b et profitez d\u2019une exp\u00e9rience fluide depuis votre t\u00e9l\u00e9phone.","breadcrumb":{"@id":"https:\/\/captainesbet.xyz\/fr\/captainsbet-app\/#breadcrumb"},"inLanguage":"fr-FR","potentialAction":[{"@type":"ReadAction","target":["https:\/\/captainesbet.xyz\/fr\/captainsbet-app\/"]}]},{"@type":"BreadcrumbList","@id":"https:\/\/captainesbet.xyz\/fr\/captainsbet-app\/#breadcrumb","itemListElement":[{"@type":"ListItem","position":1,"name":"Home","item":"https:\/\/captainesbet.xyz\/fr\/"},{"@type":"ListItem","position":2,"name":"App"}]},{"@type":"WebSite","@id":"https:\/\/captainesbet.xyz\/#website","url":"https:\/\/captainesbet.xyz\/","name":"CaptainsBet","description":"","inLanguage":"fr-FR"}]}},"_links":{"self":[{"href":"https:\/\/captainesbet.xyz\/fr\/wp-json\/wp\/v2\/pages\/2849"}],"collection":[{"href":"https:\/\/captainesbet.xyz\/fr\/wp-json\/wp\/v2\/pages"}],"about":[{"href":"https:\/\/captainesbet.xyz\/fr\/wp-json\/wp\/v2\/types\/page"}],"author":[{"embeddable":true,"href":"https:\/\/captainesbet.xyz\/fr\/wp-json\/wp\/v2\/users\/1"}],"replies":[{"embeddable":true,"href":"https:\/\/captainesbet.xyz\/fr\/wp-json\/wp\/v2\/comments?post=2849"}],"version-history":[{"count":25,"href":"https:\/\/captainesbet.xyz\/fr\/wp-json\/wp\/v2\/pages\/2849\/revisions"}],"predecessor-version":[{"id":4291,"href":"https:\/\/captainesbet.xyz\/fr\/wp-json\/wp\/v2\/pages\/2849\/revisions\/4291"}],"wp:attachment":[{"href":"https:\/\/captainesbet.xyz\/fr\/wp-json\/wp\/v2\/media?parent=2849"}],"curies":[{"name":"wp","href":"https:\/\/api.w.org\/{rel}","templated":true}]}}